{"id":100403,"date":"2024-04-25T05:01:16","date_gmt":"2024-04-25T05:01:16","guid":{"rendered":"https:\/\/mentorshow.com\/?page_id=100403"},"modified":"2024-10-03T09:52:05","modified_gmt":"2024-10-03T09:52:05","slug":"notas-legales","status":"publish","type":"page","link":"https:\/\/go.mentorshow.com\/es\/notas-legales","title":{"rendered":"Notas legales"},"content":{"rendered":"\t\t<div data-elementor-type=\"wp-page\" data-elementor-id=\"100403\" class=\"elementor elementor-100403 elementor-89144\" data-elementor-post-type=\"page\">\n\t\t\t\t<div class=\"elementor-element elementor-element-597d849 e-flex e-con-boxed e-con e-parent\" data-id=\"597d849\" data-element_type=\"container\" data-e-type=\"container\">\n\t\t\t\t\t<div class=\"e-con-inner\">\n\t\t\t\t<div class=\"elementor-element elementor-element-4bb46e0 elementor-widget elementor-widget-heading\" data-id=\"4bb46e0\" data-element_type=\"widget\" data-e-type=\"widget\" data-widget_type=\"heading.default\">\n\t\t\t\t<div class=\"elementor-widget-container\">\n\t\t\t\t\t<h2 class=\"elementor-heading-title elementor-size-default\">Notas legales<\/h2>\t\t\t\t<\/div>\n\t\t\t\t<\/div>\n\t\t\t\t<div class=\"elementor-element elementor-element-a4dd3d2 elementor-widget elementor-widget-text-editor\" data-id=\"a4dd3d2\" data-element_type=\"widget\" data-e-type=\"widget\" data-widget_type=\"text-editor.default\">\n\t\t\t\t<div class=\"elementor-widget-container\">\n\t\t\t\t\t\t\t\t\t<p>El sitio MentorShow y \/ o las p\u00e1ginas de las redes sociales (FACEBOOK, INSTAGRAM, TWITTER, YOUTUBE) son publicados por Mentorshow SAS con un capital de 218,24\u20ac cuya oficina central se encuentra en 25 rue de ponthieu &#8211; 75008 Par\u00eds &#8211; Francia registrada en el RCS de Par\u00eds con el n\u00famero 881732135<\/p>\n<p>Correo electr\u00f3nico: info@mentorshow.com<\/p>\n<p>N\u00famero de IVA intracomunitario: FR15881732135<\/p>\n<p>Director de publicaci\u00f3n: L\u00e9o Dubert<\/p>\n<p><\/p>\n<h2>ALOJAMIENTO<\/h2>\n<p>FIREBASE &#8211; https:\/\/firebase.google.com\/ (Sede: 188 King ST, San Fransisco, CA 94107, Estados Unidos).<\/p>\n<p><\/p>\n<h2>CONFIDENCIALIDAD, CGU Y CGV<\/h2>\n<p>Cada Usuario (seg\u00fan se define en los TyC del sitio www.mentorshow.com) que proporciona informaci\u00f3n da su consentimiento a MentorShow todos los derechos transferibles relacionados con dicha informaci\u00f3n y autoriza a MentorShow a utilizarlos. Por tanto, esta informaci\u00f3n se considera no confidencial. Sin embargo, cuando la informaci\u00f3n proporcionada son datos personales en el sentido de la ley aplicable, se procesa de acuerdo con la pol\u00edtica de privacidad aplicable a este sitio web.<\/p>\n<p>Cada Usuario de este sitio web declara cumplir las presentes condiciones generales de uso y las disposiciones legales y reglamentarias vigentes.<\/p>\t\t\t\t\t\t\t\t<\/div>\n\t\t\t\t<\/div>\n\t\t\t\t\t<\/div>\n\t\t\t\t<\/div>\n\t\t\t\t<\/div>\n\t\t","protected":false},"excerpt":{"rendered":"<p>Notas legales El sitio MentorShow y \/ o las p\u00e1ginas de las redes sociales (FACEBOOK, INSTAGRAM, TWITTER, YOUTUBE) son publicados por Mentorshow SAS con un capital de 218,24\u20ac cuya oficina central se encuentra en 25 rue de ponthieu &#8211; 75008 Par\u00eds &#8211; Francia registrada en el RCS de Par\u00eds con el n\u00famero 881732135 Correo electr\u00f3nico: [&hellip;]<\/p>\n","protected":false},"author":7,"featured_media":0,"parent":0,"menu_order":0,"comment_status":"closed","ping_status":"closed","template":"elementor_header_footer","meta":{"_acf_changed":false,"content-type":"","footnotes":""},"class_list":["post-100403","page","type-page","status-publish","hentry"],"acf":[],"yoast_head":"<!-- This site is optimized with the Yoast SEO plugin v26.2 - https:\/\/yoast.com\/wordpress\/plugins\/seo\/ -->\n<title>Notas legales | MentorShow<\/title>\n<meta name=\"robots\" content=\"index, follow, max-snippet:-1, max-image-preview:large, max-video-preview:-1\" \/>\n<link rel=\"canonical\" href=\"https:\/\/go.mentorshow.com\/es\/notas-legales\" \/>\n<meta property=\"og:locale\" content=\"es_ES\" \/>\n<meta property=\"og:type\" content=\"article\" \/>\n<meta property=\"og:title\" content=\"Notas legales | MentorShow\" \/>\n<meta property=\"og:description\" content=\"Notas legales El sitio MentorShow y \/ o las p\u00e1ginas de las redes sociales (FACEBOOK, INSTAGRAM, TWITTER, YOUTUBE) son publicados por Mentorshow SAS con un capital de 218,24\u20ac cuya oficina central se encuentra en 25 rue de ponthieu &#8211; 75008 Par\u00eds &#8211; Francia registrada en el RCS de Par\u00eds con el n\u00famero 881732135 Correo electr\u00f3nico: [&hellip;]\" \/>\n<meta property=\"og:url\" content=\"https:\/\/go.mentorshow.com\/es\/notas-legales\" \/>\n<meta property=\"og:site_name\" content=\"MentorShow\" \/>\n<meta property=\"article:modified_time\" content=\"2024-10-03T09:52:05+00:00\" \/>\n<meta name=\"twitter:card\" content=\"summary_large_image\" \/>\n<meta name=\"twitter:label1\" content=\"Tiempo de lectura\" \/>\n\t<meta name=\"twitter:data1\" content=\"1 minuto\" \/>\n<script type=\"application\/ld+json\" class=\"yoast-schema-graph\">{\"@context\":\"https:\/\/schema.org\",\"@graph\":[{\"@type\":\"WebPage\",\"@id\":\"https:\/\/go.mentorshow.com\/es\/notas-legales\",\"url\":\"https:\/\/go.mentorshow.com\/es\/notas-legales\",\"name\":\"Notas legales | MentorShow\",\"isPartOf\":{\"@id\":\"https:\/\/go.mentorshow.com\/#website\"},\"datePublished\":\"2024-04-25T05:01:16+00:00\",\"dateModified\":\"2024-10-03T09:52:05+00:00\",\"inLanguage\":\"es\",\"potentialAction\":[{\"@type\":\"ReadAction\",\"target\":[\"https:\/\/go.mentorshow.com\/es\/notas-legales\"]}]},{\"@type\":\"WebSite\",\"@id\":\"https:\/\/go.mentorshow.com\/#website\",\"url\":\"https:\/\/go.mentorshow.com\/\",\"name\":\"MentorShow\",\"description\":\"Masterclass et Cours en Ligne - Apprenez des meilleurs\",\"publisher\":{\"@id\":\"https:\/\/go.mentorshow.com\/#organization\"},\"potentialAction\":[{\"@type\":\"SearchAction\",\"target\":{\"@type\":\"EntryPoint\",\"urlTemplate\":\"https:\/\/go.mentorshow.com\/?s={search_term_string}\"},\"query-input\":{\"@type\":\"PropertyValueSpecification\",\"valueRequired\":true,\"valueName\":\"search_term_string\"}}],\"inLanguage\":\"es\"},{\"@type\":\"Organization\",\"@id\":\"https:\/\/go.mentorshow.com\/#organization\",\"name\":\"MentorShow\",\"url\":\"https:\/\/go.mentorshow.com\/\",\"logo\":{\"@type\":\"ImageObject\",\"inLanguage\":\"es\",\"@id\":\"https:\/\/go.mentorshow.com\/#\/schema\/logo\/image\/\",\"url\":\"https:\/\/go.mentorshow.com\/wp-content\/uploads\/2023\/12\/full-logo.png\",\"contentUrl\":\"https:\/\/go.mentorshow.com\/wp-content\/uploads\/2023\/12\/full-logo.png\",\"width\":563,\"height\":78,\"caption\":\"MentorShow\"},\"image\":{\"@id\":\"https:\/\/go.mentorshow.com\/#\/schema\/logo\/image\/\"}}]}<\/script>\n<!-- \/ Yoast SEO plugin. -->","yoast_head_json":{"title":"Notas legales | MentorShow","robots":{"index":"index","follow":"follow","max-snippet":"max-snippet:-1","max-image-preview":"max-image-preview:large","max-video-preview":"max-video-preview:-1"},"canonical":"https:\/\/go.mentorshow.com\/es\/notas-legales","og_locale":"es_ES","og_type":"article","og_title":"Notas legales | MentorShow","og_description":"Notas legales El sitio MentorShow y \/ o las p\u00e1ginas de las redes sociales (FACEBOOK, INSTAGRAM, TWITTER, YOUTUBE) son publicados por Mentorshow SAS con un capital de 218,24\u20ac cuya oficina central se encuentra en 25 rue de ponthieu &#8211; 75008 Par\u00eds &#8211; Francia registrada en el RCS de Par\u00eds con el n\u00famero 881732135 Correo electr\u00f3nico: [&hellip;]","og_url":"https:\/\/go.mentorshow.com\/es\/notas-legales","og_site_name":"MentorShow","article_modified_time":"2024-10-03T09:52:05+00:00","twitter_card":"summary_large_image","twitter_misc":{"Tiempo de lectura":"1 minuto"},"schema":{"@context":"https:\/\/schema.org","@graph":[{"@type":"WebPage","@id":"https:\/\/go.mentorshow.com\/es\/notas-legales","url":"https:\/\/go.mentorshow.com\/es\/notas-legales","name":"Notas legales | MentorShow","isPartOf":{"@id":"https:\/\/go.mentorshow.com\/#website"},"datePublished":"2024-04-25T05:01:16+00:00","dateModified":"2024-10-03T09:52:05+00:00","inLanguage":"es","potentialAction":[{"@type":"ReadAction","target":["https:\/\/go.mentorshow.com\/es\/notas-legales"]}]},{"@type":"WebSite","@id":"https:\/\/go.mentorshow.com\/#website","url":"https:\/\/go.mentorshow.com\/","name":"MentorShow","description":"Masterclass et Cours en Ligne - Apprenez des meilleurs","publisher":{"@id":"https:\/\/go.mentorshow.com\/#organization"},"potentialAction":[{"@type":"SearchAction","target":{"@type":"EntryPoint","urlTemplate":"https:\/\/go.mentorshow.com\/?s={search_term_string}"},"query-input":{"@type":"PropertyValueSpecification","valueRequired":true,"valueName":"search_term_string"}}],"inLanguage":"es"},{"@type":"Organization","@id":"https:\/\/go.mentorshow.com\/#organization","name":"MentorShow","url":"https:\/\/go.mentorshow.com\/","logo":{"@type":"ImageObject","inLanguage":"es","@id":"https:\/\/go.mentorshow.com\/#\/schema\/logo\/image\/","url":"https:\/\/go.mentorshow.com\/wp-content\/uploads\/2023\/12\/full-logo.png","contentUrl":"https:\/\/go.mentorshow.com\/wp-content\/uploads\/2023\/12\/full-logo.png","width":563,"height":78,"caption":"MentorShow"},"image":{"@id":"https:\/\/go.mentorshow.com\/#\/schema\/logo\/image\/"}}]}},"_links":{"self":[{"href":"https:\/\/go.mentorshow.com\/es\/wp-json\/wp\/v2\/pages\/100403","targetHints":{"allow":["GET"]}}],"collection":[{"href":"https:\/\/go.mentorshow.com\/es\/wp-json\/wp\/v2\/pages"}],"about":[{"href":"https:\/\/go.mentorshow.com\/es\/wp-json\/wp\/v2\/types\/page"}],"author":[{"embeddable":true,"href":"https:\/\/go.mentorshow.com\/es\/wp-json\/wp\/v2\/users\/7"}],"replies":[{"embeddable":true,"href":"https:\/\/go.mentorshow.com\/es\/wp-json\/wp\/v2\/comments?post=100403"}],"version-history":[{"count":0,"href":"https:\/\/go.mentorshow.com\/es\/wp-json\/wp\/v2\/pages\/100403\/revisions"}],"wp:attachment":[{"href":"https:\/\/go.mentorshow.com\/es\/wp-json\/wp\/v2\/media?parent=100403"}],"curies":[{"name":"wp","href":"https:\/\/api.w.org\/{rel}","templated":true}]}}